{"id":180,"date":"2025-04-25T21:47:52","date_gmt":"2025-04-25T21:47:52","guid":{"rendered":"https:\/\/fishermans.andthedolphine.com\/?page_id=180"},"modified":"2025-04-27T09:45:48","modified_gmt":"2025-04-27T09:45:48","slug":"konkurrence-betingelser","status":"publish","type":"page","link":"https:\/\/fishermans.andthedolphine.com\/index.php\/konkurrence-betingelser\/","title":{"rendered":"Konkurrence betingelser"},"content":{"rendered":"\n<div class=\"gb-element-e6fd37db\">\n<div class=\"gb-element-f9c3a194\">\n<div class=\"gb-element-864b12de\">\n<div class=\"gb-element-db276c47\"><\/div>\n\n\n\n<div class=\"gb-element-f2770036\">\n<img loading=\"lazy\" decoding=\"async\" width=\"528\" height=\"310\" class=\"gb-media-baac4b00\" src=\"https:\/\/fishermans.andthedolphine.com\/wp-content\/uploads\/2025\/04\/Asset-1@2x.png\" title=\"Asset 1@2x\" srcset=\"https:\/\/fishermans.andthedolphine.com\/wp-content\/uploads\/2025\/04\/Asset-1@2x.png 528w, https:\/\/fishermans.andthedolphine.com\/wp-content\/uploads\/2025\/04\/Asset-1@2x-300x176.png 300w\" sizes=\"auto, (max-width: 528px) 100vw, 528px\" \/>\n\n\n\n<p class=\"gb-text gb-text-ad25a6db\">KONKURRENCE BETINGELSER<\/p>\n\n\n\n<p class=\"gb-text gb-text-4b48c300\"><br><strong>Konkurrencen<\/strong><br>Konkurrencen er arrangeret af DK-Konfekture, Fisherman\u00b4s Friend (fremover kaldt FF), Vallensb\u00e6kvej 10A, 2605 Br\u00f8ndby. CVR: 36071168<br><br>Deltagelse er ikke k\u00f8bsbetinget og er gratis, med mindre andet er tilkendegivet. Det er muligt at deltage flere gange. Pr\u00e6mien kan ikke ombyttes til kontanter eller andre ydelser. Du skal v\u00e6re 18 \u00e5r for at kunne deltage. Ansatte eller dem i familie til nogen hos DK konfekture og FF m\u00e5 ikke deltage i konkurrencen.<br><br><strong>Udtr\u00e6kning af vindere:<\/strong><br>FF vil tr\u00e6kke lod blandt alle dem der har deltaget. Konkurrencen k\u00f8rer i den angivne periode, og vinderen tr\u00e6kkes p\u00e5 det angivne tidspunkt. Vinderne vil blive underrettet via mail.<br><br>Deltagelse i konkurrence efter den angivet tidsfrist, vil ikke komme i betragtning. Det er op til FF at vurdere, om en tilmelding er modtaget rettidigt og kan godkendes. FF st\u00e5r til ansvar for tekniske nedbrud eller andre faktorer, der kan bremse en tilmelding. Det er deltagerens eget ansvar at deltage i konkurrencen rettidigt.<br><br>Hvis vinderen ikke reagerer p\u00e5 denne henvendelse inden for 7 dage efter, at denne er udtrukket, forbeholder FF sig retten til at tr\u00e6kke en ny vinder, som vil f\u00e5 tildelt gevinsten. Der udloddes 15 pakker (I hver pakke: 2 gavekort til valgfri GR\u00d8N koncert i 2025, 4 drinksbilletter til omr\u00e5det GR\u00d8N koncert 2025, Fisherman\u00b4s Friend produkter (24 poser)<br><br>Konkurrencen slutter d. 01.07.2025. Vinderene bliver trukket og kontaktet i uge 27, 2025.<br><br><strong>Pr\u00e6mier<\/strong><br>Pr\u00e6mien kan ikke ombyttes til kontanter, gavekort eller andre produkter. Det kan vare et stykke tid, f\u00f8r pr\u00e6mien bliver leveret til vinderen. Hvis vinderen ikke reagerer p\u00e5 henvendelse inden for 7 dage efter, at denne er udtrukket, forbeholder FF sig retten til at tr\u00e6kke en ny vinder, som vil f\u00e5 tildelt gevinsten. Pr\u00e6mien vil blive sendt til vinderen p\u00e5 mail.<br><br><strong>Brug af personoplysninger:<\/strong><br>Ved deltagelse i konkurrencen gives samtidig samtykke til registrering af navn og \u00f8vrige n\u00f8dvendige kontaktoplysninger. De oplysninger, som afgives i forbindelse med konkurrencen vil alene v\u00e6re tilg\u00e6ngelige for FF, som er leverand\u00f8r af konkurrencen. Kontaktoplysningerne vil kun blive brugt til kontakt i forbindelse med konkurrencen. Alle personlige data, som overdrages ved tilmeldingen, opbevares under sikre forhold hos FF, og deles ikke med tredjepart.<\/p>\n<\/div>\n<\/div>\n\n\n\n<div class=\"gb-element-2f6797a7\">\n<img loading=\"lazy\" decoding=\"async\" width=\"35\" height=\"47\" class=\"gb-media-43a0c95c\" src=\"https:\/\/fishermans.andthedolphine.com\/wp-content\/uploads\/2025\/04\/Asset-2.svg\" title=\"Asset 2\"\/>\n<\/div>\n<\/div>\n<\/div>\n","protected":false},"excerpt":{"rendered":"<p>KONKURRENCE BETINGELSER KonkurrencenKonkurrencen er arrangeret af DK-Konfekture, Fisherman\u00b4s Friend (fremover kaldt FF), Vallensb\u00e6kvej 10A, 2605 Br\u00f8ndby. CVR: 36071168 Deltagelse er ikke k\u00f8bsbetinget og er gratis, med mindre andet er tilkendegivet. Det er muligt at deltage flere gange. Pr\u00e6mien kan ikke ombyttes til kontanter eller andre ydelser. Du skal v\u00e6re 18 \u00e5r for at kunne deltage. &#8230; <a title=\"Konkurrence betingelser\" class=\"read-more\" href=\"https:\/\/fishermans.andthedolphine.com\/index.php\/konkurrence-betingelser\/\" aria-label=\"Read more about Konkurrence betingelser\">L\u00e6s mere <\/a><\/p>\n","protected":false},"author":1,"featured_media":0,"parent":0,"menu_order":0,"comment_status":"closed","ping_status":"closed","template":"","meta":{"footnotes":""},"class_list":["post-180","page","type-page","status-publish"],"_links":{"self":[{"href":"https:\/\/fishermans.andthedolphine.com\/index.php\/wp-json\/wp\/v2\/pages\/180","targetHints":{"allow":["GET"]}}],"collection":[{"href":"https:\/\/fishermans.andthedolphine.com\/index.php\/wp-json\/wp\/v2\/pages"}],"about":[{"href":"https:\/\/fishermans.andthedolphine.com\/index.php\/wp-json\/wp\/v2\/types\/page"}],"author":[{"embeddable":true,"href":"https:\/\/fishermans.andthedolphine.com\/index.php\/wp-json\/wp\/v2\/users\/1"}],"replies":[{"embeddable":true,"href":"https:\/\/fishermans.andthedolphine.com\/index.php\/wp-json\/wp\/v2\/comments?post=180"}],"version-history":[{"count":2,"href":"https:\/\/fishermans.andthedolphine.com\/index.php\/wp-json\/wp\/v2\/pages\/180\/revisions"}],"predecessor-version":[{"id":224,"href":"https:\/\/fishermans.andthedolphine.com\/index.php\/wp-json\/wp\/v2\/pages\/180\/revisions\/224"}],"wp:attachment":[{"href":"https:\/\/fishermans.andthedolphine.com\/index.php\/wp-json\/wp\/v2\/media?parent=180"}],"curies":[{"name":"wp","href":"https:\/\/api.w.org\/{rel}","templated":true}]}}